{"id":8,"date":"2009-02-22T19:18:07","date_gmt":"2009-02-22T18:18:07","guid":{"rendered":"http:\/\/www.overo.pl\/?page_id=8"},"modified":"2024-02-21T14:20:11","modified_gmt":"2024-02-21T13:20:11","slug":"rancho-overo","status":"publish","type":"page","link":"http:\/\/www.overo.pl\/rancho-overo\/","title":{"rendered":"RANCH"},"content":{"rendered":"<div class=\"brz-root__container brz-reset-all\">\n<section id=\"fmcwbadknh\" class=\"brz-section brz-css-mEouL\">\n<div class=\"brz-section__content brz-section--boxed brz-css-tPPOp brz-css-dsIHu\" data-brz-custom-id=\"lmdxagdsdz\">\n<div class=\"brz-bg\">\n<div class=\"brz-bg-image\"><\/div>\n<div class=\"brz-bg-color\"><\/div>\n<\/div>\n<div class=\"brz-container brz-css-vRChB brz-css-vIgeQ\">\n<div id class=\"brz-css-yWTqV brz-wrapper\">\n<div class=\"brz-menu-simple brz-css-eQ3vq brz-css-kdRk9\">\n<div style=\"min-height:20px\"><\/div>\n<\/div>\n<\/div>\n<div id class=\"brz-css-yWTqV brz-css-plEHq brz-wrapper\">\n<div class=\"brz-rich-text brz-rich-text__custom brz-css-rFKaW\" data-brz-custom-id=\"teuburnwhc\">\n<div data-brz-translate-text=\"1\">\n<h2 class=\"brz-text-lg-center brz-tp-heading2 brz-css-ftLZB\"><span class=\"brz-cp-color2\">Overo Guest Ranch  &#8211; POLAND<\/span><\/h2>\n<\/div>\n<\/div>\n<\/div>\n<div id class=\"brz-css-yWTqV brz-css-pnjIQ brz-wrapper\">\n<div class=\"brz-rich-text brz-rich-text__custom brz-css-rFKaW\" data-brz-custom-id=\"nhilcdhyno\">\n<div data-brz-translate-text=\"1\">\n<p class=\"brz-fs-xs-im-19 brz-fs-sm-im-19 brz-fs-lg-20 brz-fw-xs-im-300 brz-fw-sm-im-300 brz-fw-lg-300 brz-ff-noto_serif brz-ls-xs-im-0 brz-ls-sm-im-0 brz-ls-lg-0 brz-lh-xs-im-1_5 brz-lh-sm-im-1_5 brz-lh-lg-1_5 brz-text-lg-center brz-css-bGiY5\"><em class=\"brz-cp-color7\">Welcome to our ranch.&nbsp;<\/em><\/p>\n<p class=\"brz-text-lg-center brz-tp-subtitle brz-css-edewM\"><em class=\"brz-cp-color7\">We are a professional Western Riders. Our specialty are mountain horse treks.&nbsp;<\/em><\/p>\n<p class=\"brz-text-lg-center brz-tp-subtitle brz-css-u_eJl\"><em class=\"brz-cp-color7\"> We hope you visit us to see more, than you can see on pictures \ud83d\ude42<\/em><\/p>\n<\/div>\n<\/div>\n<\/div>\n<div id class=\"brz-css-yWTqV brz-css-jdtwF brz-wrapper\">\n<div class=\"brz-spacer brz-css-c5Xmo brz-css-if_8h\"><\/div>\n<\/div>\n<div class=\"brz-row__container brz-css-tGT48\" data-brz-custom-id=\"knscdtzuxo\">\n<div class=\"brz-bg\"><\/div>\n<div class=\"brz-row brz-css-s4en0 brz-css-nnQzd\">\n<div class=\"brz-columns brz-css-i4uLs brz-css-k9Ly3\" data-brz-custom-id=\"jxqzltcsjs\">\n<div class=\"brz-bg\"><\/div>\n<div class=\"brz-column__items brz-css-hh_pV\">\n<div id class=\"brz-css-yWTqV brz-css-jxklI brz-wrapper\">\n<div class=\"brz-image brz-image__lightbox brz-css-z4vyW\" data-brz-custom-id=\"xvlawgvscf\"><a class=\"brz-a\" href=\"http:\/\/www.overo.pl\/rancho-overo\/wp-content\/uploads\/2009\/02\/trening.jpg\" target=\"_self\" rel=\"noopener\" data-brz-link-type=\"lightBox\"><img decoding=\"async\" class=\"brz-img\" src=\"http:\/\/www.overo.pl\/rancho-overo\/wp-content\/uploads\/brizy\/imgs\/trening-457x360x49x0x360x360x1332972000.jpg\" alt=\"\" loading=\"lazy\"\/><\/a><\/div>\n<\/div>\n<\/div>\n<\/div>\n<div class=\"brz-columns brz-css-i4uLs brz-css-mftKG\" data-brz-custom-id=\"ifqsfgjjvb\">\n<div class=\"brz-bg\"><\/div>\n<div class=\"brz-column__items brz-css-hh_pV\">\n<div id class=\"brz-css-yWTqV brz-css-yz9WR brz-wrapper\">\n<div class=\"brz-image brz-image__lightbox brz-css-p9ad8\" data-brz-custom-id=\"pkffproqbu\"><a class=\"brz-a\" href=\"http:\/\/www.overo.pl\/rancho-overo\/wp-content\/uploads\/2017\/01\/zawody-520.jpg\" target=\"_self\" rel=\"noopener\" data-brz-link-type=\"lightBox\"><img decoding=\"async\" class=\"brz-img\" src=\"http:\/\/www.overo.pl\/rancho-overo\/wp-content\/uploads\/brizy\/imgs\/zawody-520-750x563x0x101x750x360x1483286175.jpg\" alt=\"\" loading=\"lazy\"\/><\/a><\/div>\n<\/div>\n<\/div>\n<\/div>\n<\/div>\n<\/div>\n<div class=\"brz-row__container brz-css-tGT48\" data-brz-custom-id=\"khdornrjri\">\n<div class=\"brz-bg\"><\/div>\n<div class=\"brz-row brz-css-s4en0 brz-css-nnQzd\">\n<div class=\"brz-columns brz-css-i4uLs brz-css-lDB33\" data-brz-custom-id=\"xnjzgwqpvu\">\n<div class=\"brz-bg\"><\/div>\n<div class=\"brz-column__items brz-css-hh_pV\">\n<div id class=\"brz-css-yWTqV brz-wrapper\">\n<div class=\"brz-image brz-image__lightbox brz-css-lvdBQ\" data-brz-custom-id=\"clbrgvoozb\"><a class=\"brz-a\" href=\"http:\/\/www.overo.pl\/rancho-overo\/wp-content\/uploads\/2009\/02\/koniesrokate.jpg\" target=\"_self\" rel=\"noopener\" data-brz-link-type=\"lightBox\"><img decoding=\"async\" class=\"brz-img\" src=\"http:\/\/www.overo.pl\/rancho-overo\/wp-content\/uploads\/brizy\/imgs\/koniesrokate-749x384x0x12x749x361x1332972000.jpg\" alt=\"\" loading=\"lazy\"\/><\/a><\/div>\n<\/div>\n<\/div>\n<\/div>\n<div class=\"brz-columns brz-css-i4uLs brz-css-ufZlv\" data-brz-custom-id=\"vlnrndhuun\">\n<div class=\"brz-bg\"><\/div>\n<div class=\"brz-column__items brz-css-hh_pV\">\n<div id class=\"brz-css-yWTqV brz-css-t7zkb brz-wrapper\">\n<div class=\"brz-image brz-image__lightbox brz-css-rTLs_\" data-brz-custom-id=\"mntmpoaydd\"><a class=\"brz-a\" href=\"http:\/\/www.overo.pl\/rancho-overo\/wp-content\/uploads\/2009\/02\/img_0136.jpg\" target=\"_self\" rel=\"noopener\" data-brz-link-type=\"lightBox\"><img decoding=\"async\" class=\"brz-img\" src=\"http:\/\/www.overo.pl\/rancho-overo\/wp-content\/uploads\/brizy\/imgs\/img_0136-480x360x60x0x361x360x1332972000.jpg\" alt=\"\" loading=\"lazy\"\/><\/a><\/div>\n<\/div>\n<\/div>\n<\/div>\n<\/div>\n<\/div>\n<\/div>\n<\/div>\n<\/section>\n<section id=\"aeyzzhzrts\" class=\"brz-section brz-css-mEouL\">\n<div class=\"brz-section__content brz-section--boxed brz-css-tPPOp brz-css-duKil\" data-brz-custom-id=\"bobkejuvmi\">\n<div class=\"brz-bg\"><\/div>\n<div class=\"brz-container brz-css-vRChB brz-css-svoj9\">\n<div class=\"brz-row__container brz-css-tGT48\" data-brz-custom-id=\"ooczpkaxhj\">\n<div class=\"brz-bg\"><\/div>\n<div class=\"brz-row brz-css-s4en0\">\n<div class=\"brz-columns brz-css-i4uLs brz-css-fcHqU\" data-brz-custom-id=\"ybiqszdgco\">\n<div class=\"brz-bg\"><\/div>\n<div class=\"brz-column__items brz-css-hh_pV\">\n<div id class=\"brz-css-yWTqV brz-css-ljWxJ brz-wrapper\">\n<div class=\"brz-rich-text brz-rich-text__custom brz-css-rFKaW\" data-brz-custom-id=\"bmhctrmybs\">\n<div data-brz-translate-text=\"1\">\n<p class=\"brz-fs-xs-im-17 brz-fs-sm-im-17 brz-fs-lg-18 brz-fw-xs-im-300 brz-fw-sm-im-300 brz-fw-lg-300 brz-ff-noto_serif brz-ls-xs-im-0 brz-ls-sm-im-0 brz-ls-lg-0 brz-lh-xs-im-1_6 brz-lh-sm-im-1_6 brz-lh-lg-1_7 brz-mt-lg-19 brz-css-jCeKF\">&nbsp;<span class=\"brz-cp-color7\">The Overo Ranch is located in Nowa Ruda (Low Silesia) where is a lovely view of Sto\u0142owe Mountains (the youngest Polish mountains) and the middle part of the K\u0142odzko Valley. The shape of terrain, natural and historical values make the K\u0142odzko Valley a perfect place for a horseback riding, long tours and all kinds of summer activities. The ranch is situated also on the Sudety Horse Trail and is affiliated by the &#8222;Mountain Horse-Riding Tourism&#8221; (PTTK) organization.<\/span><\/p>\n<p class=\"brz-tp-heading4 brz-text-lg-center brz-mt-lg-19 brz-css-mBhyE\"><span class=\"brz-cp-color7\"> Plan your riding holiday in Poland and visit us \ud83d\ude42<\/span><\/p>\n<p class=\"brz-tp-heading4 brz-text-lg-center brz-mt-lg-19 brz-css-iMOXS\"><span class=\"brz-cp-color7\">&nbsp;<\/span><\/p>\n<\/div>\n<\/div>\n<\/div>\n<div id class=\"brz-css-yWTqV brz-wrapper\">\n<div class=\"brz-image brz-css-ivDY_\" data-brz-custom-id=\"lchsipcawo\"><img decoding=\"async\" class=\"brz-img\" src=\"http:\/\/www.overo.pl\/rancho-overo\/wp-content\/uploads\/brizy\/imgs\/Riders_on_the_Storm_by_dreami-1254x839x67x0x1120x839x1548339947.jpg\" alt=\"\" loading=\"lazy\"\/><\/div>\n<\/div>\n<\/div>\n<\/div>\n<\/div>\n<\/div>\n<\/div>\n<\/div>\n<\/section>\n<\/div>\n<p>    <!-- version:1708521611 --><\/p>\n","protected":false},"excerpt":{"rendered":"<p>Overo Guest Ranch &#8211; POLAND Welcome to our ranch.&nbsp; We are a professional Western Riders. Our specialty are mountain horse [&hellip;]<\/p>\n","protected":false},"author":1,"featured_media":0,"parent":0,"menu_order":1,"comment_status":"closed","ping_status":"closed","template":"brizy-blank-template.php","meta":{"footnotes":""},"class_list":["post-8","page","type-page","status-publish","hentry"],"aioseo_notices":[],"amp_enabled":false,"_links":{"self":[{"href":"http:\/\/www.overo.pl\/rancho-overo\/wp-json\/wp\/v2\/pages\/8","targetHints":{"allow":["GET"]}}],"collection":[{"href":"http:\/\/www.overo.pl\/rancho-overo\/wp-json\/wp\/v2\/pages"}],"about":[{"href":"http:\/\/www.overo.pl\/rancho-overo\/wp-json\/wp\/v2\/types\/page"}],"author":[{"embeddable":true,"href":"http:\/\/www.overo.pl\/rancho-overo\/wp-json\/wp\/v2\/users\/1"}],"replies":[{"embeddable":true,"href":"http:\/\/www.overo.pl\/rancho-overo\/wp-json\/wp\/v2\/comments?post=8"}],"version-history":[{"count":22,"href":"http:\/\/www.overo.pl\/rancho-overo\/wp-json\/wp\/v2\/pages\/8\/revisions"}],"predecessor-version":[{"id":5388,"href":"http:\/\/www.overo.pl\/rancho-overo\/wp-json\/wp\/v2\/pages\/8\/revisions\/5388"}],"wp:attachment":[{"href":"http:\/\/www.overo.pl\/rancho-overo\/wp-json\/wp\/v2\/media?parent=8"}],"curies":[{"name":"wp","href":"https:\/\/api.w.org\/{rel}","templated":true}]}}